{"id":151026,"date":"2023-09-19T17:13:09","date_gmt":"2023-09-19T16:13:09","guid":{"rendered":"https:\/\/www.fabienneconrad.com\/?page_id=151026"},"modified":"2023-10-04T17:33:07","modified_gmt":"2023-10-04T16:33:07","slug":"mes-kiffs-bis","status":"publish","type":"page","link":"https:\/\/www.fabienneconrad.com\/en\/mes-kiffs-bis\/","title":{"rendered":"Mes kiffs bis"},"content":{"rendered":"<div data-elementor-type=\"wp-post\" data-elementor-id=\"151026\" class=\"elementor elementor-151026\" data-elementor-post-type=\"page\">\n\t\t\t\t\t\t\t\t\t<section class=\"elementor-section elementor-top-section elementor-element elementor-element-83a581c elementor-section-stretched elementor-section-full_width elementor-section-height-default elementor-section-height-default\" data-id=\"83a581c\" data-element_type=\"section\" data-settings=\"{&quot;background_background&quot;:&quot;classic&quot;,&quot;stretch_section&quot;:&quot;section-stretched&quot;}\">\n\t\t\t\t\t\t\t<div class=\"elementor-background-overlay\"><\/div>\n\t\t\t\t\t\t\t<div class=\"elementor-container elementor-column-gap-default\">\n\t\t\t\t\t<div class=\"elementor-column elementor-col-100 elementor-top-column elementor-element elementor-element-2d2eac0\" data-id=\"2d2eac0\" data-element_type=\"column\">\n\t\t\t<div class=\"elementor-widget-wrap elementor-element-populated\">\n\t\t\t\t\t\t\t\t<div class=\"elementor-element elementor-element-8aade9e elementor-widget elementor-widget-heading\" data-id=\"8aade9e\" data-element_type=\"widget\" data-widget_type=\"heading.default\">\n\t\t\t\t<div class=\"elementor-widget-container\">\n\t\t\t<h2 class=\"elementor-heading-title elementor-size-default\">Soprano Vibes<\/h2>\t\t<\/div>\n\t\t\t\t<\/div>\n\t\t\t\t\t<\/div>\n\t\t<\/div>\n\t\t\t\t\t\t\t<\/div>\n\t\t<\/section>\n\t\t\t\t<section class=\"elementor-section elementor-top-section elementor-element elementor-element-cae9be1 elementor-section-height-min-height elementor-section-boxed elementor-section-height-default elementor-section-items-middle\" data-id=\"cae9be1\" data-element_type=\"section\" data-settings=\"{&quot;background_background&quot;:&quot;classic&quot;}\">\n\t\t\t\t\t\t<div class=\"elementor-container elementor-column-gap-default\">\n\t\t\t\t\t<div class=\"elementor-column elementor-col-100 elementor-top-column elementor-element elementor-element-17c5dcac\" data-id=\"17c5dcac\" data-element_type=\"column\">\n\t\t\t<div class=\"elementor-widget-wrap elementor-element-populated\">\n\t\t\t\t\t\t\t\t<section class=\"elementor-section elementor-inner-section elementor-element elementor-element-4c8afbac elementor-reverse-mobile elementor-section-boxed elementor-section-height-default elementor-section-height-default\" data-id=\"4c8afbac\" data-element_type=\"section\" data-settings=\"{&quot;background_background&quot;:&quot;classic&quot;}\">\n\t\t\t\t\t\t<div class=\"elementor-container elementor-column-gap-default\">\n\t\t\t\t\t<div class=\"elementor-column elementor-col-100 elementor-inner-column elementor-element elementor-element-ca5cc90\" data-id=\"ca5cc90\" data-element_type=\"column\" data-settings=\"{&quot;background_background&quot;:&quot;classic&quot;}\">\n\t\t\t<div class=\"elementor-widget-wrap\">\n\t\t\t\t\t\t\t\t\t<\/div>\n\t\t<\/div>\n\t\t\t\t\t\t\t<\/div>\n\t\t<\/section>\n\t\t\t\t<section class=\"elementor-section elementor-inner-section elementor-element elementor-element-2919f6e elementor-reverse-mobile elementor-section-boxed elementor-section-height-default elementor-section-height-default\" data-id=\"2919f6e\" data-element_type=\"section\" data-settings=\"{&quot;background_background&quot;:&quot;classic&quot;}\">\n\t\t\t\t\t\t<div class=\"elementor-container elementor-column-gap-default\">\n\t\t\t\t\t<div class=\"elementor-column elementor-col-50 elementor-inner-column elementor-element elementor-element-c871164\" data-id=\"c871164\" data-element_type=\"column\">\n\t\t\t<div class=\"elementor-widget-wrap elementor-element-populated\">\n\t\t\t\t\t\t\t\t<div class=\"elementor-element elementor-element-847d06c elementor-widget elementor-widget-heading\" data-id=\"847d06c\" data-element_type=\"widget\" data-widget_type=\"heading.default\">\n\t\t\t\t<div class=\"elementor-widget-container\">\n\t\t\t<h2 class=\"elementor-heading-title elementor-size-default\">Soprano Vibes<\/h2>\t\t<\/div>\n\t\t\t\t<\/div>\n\t\t\t\t<div class=\"elementor-element elementor-element-73f2ea7 elementor-widget elementor-widget-text-editor\" data-id=\"73f2ea7\" data-element_type=\"widget\" data-widget_type=\"text-editor.default\">\n\t\t\t\t<div class=\"elementor-widget-container\">\n\t\t\t\t\t\t\t<p>The best of Opera in fast motion !<\/p><p>Discover the best of Opera directly from the stage, as if you were there.The story, the best hits, backstage\u2026 Discover everything quickly and easily.\nThis is #SopranoVibes !<span style=\"font-size: 14px;\">&nbsp;\ud83d\udc9b<\/span><\/p>\n<p>\u2728 I tell you about my favourite moment in each opera, when the public is hanging on my note. This magical moment for which you have to come at the opera, this instant where your beating heart stops for a while, the second when you will cry, laugh, vibe, breathe again\u2026 <br>\nThat's why I am doing this job and I am willing to risk everything each night on stage.<\/p>\n<p>Discover the stories of the most famous operas in fast-motion, and live their most moving moments in a time-lapse sequence. <br> What you need to know, what you have to listen to once in your life. <br> If you are a singer or if you work in the opera world, you will get a global impression on each opera in a fun way <br> - even if it's a noble passion, you are allowed to laugh about it !<br>\ud83c\udf1f\ud83c\udf1f\ud83c\udf1f<\/p>\n<p>Operas are like fairy tales : easy-to-enjoy stories, but with astonishing music &amp; staging. An whole universe of emotions, epic stories, heroes, love, politics, joy and humor\u2026<\/p>\n<p>Before being a singer, I used to have another life. I thought I didn't like Opera. One day, I discovered it and I had an epiphany. <br> I sank into it like Alice in Wonderland. How could I even think it was boring ?&nbsp;<\/p>\n<p>Let me drive you to discover it, you are going to love it !<span style=\"font-size: 14px;\">\ud83d\udc9b<\/span><\/p>\t\t\t\t\t\t<\/div>\n\t\t\t\t<\/div>\n\t\t\t\t<div class=\"elementor-element elementor-element-3c09337 elementor-widget elementor-widget-heading\" data-id=\"3c09337\" data-element_type=\"widget\" data-widget_type=\"heading.default\">\n\t\t\t\t<div class=\"elementor-widget-container\">\n\t\t\t<h2 class=\"elementor-heading-title elementor-size-default\">Fabienne<br>\n\u00ab&nbsp;Emotion is our language&nbsp;\u00bb<\/h2>\t\t<\/div>\n\t\t\t\t<\/div>\n\t\t\t\t\t<\/div>\n\t\t<\/div>\n\t\t\t\t<div class=\"elementor-column elementor-col-50 elementor-inner-column elementor-element elementor-element-25519ba\" data-id=\"25519ba\" data-element_type=\"column\">\n\t\t\t<div class=\"elementor-widget-wrap elementor-element-populated\">\n\t\t\t\t\t\t\t\t<div class=\"elementor-element elementor-element-a2801ef elementor-widget elementor-widget-image\" data-id=\"a2801ef\" data-element_type=\"widget\" data-widget_type=\"image.default\">\n\t\t\t\t<div class=\"elementor-widget-container\">\n\t\t\t\t\t\t\t\t\t\t\t\t\t\t\t<img decoding=\"async\" loading=\"lazy\" width=\"751\" height=\"800\" src=\"https:\/\/www.fabienneconrad.com\/wp-content\/uploads\/2023\/09\/447469f6-27f5-46de-8c75-32fdf5e77c95-751x800.jpg\" class=\"attachment-large size-large wp-image-150785\" alt=\"\" \/>\t\t\t\t\t\t\t\t\t\t\t\t\t\t\t<\/div>\n\t\t\t\t<\/div>\n\t\t\t\t<div class=\"elementor-element elementor-element-f14a994 elementor-widget elementor-widget-image\" data-id=\"f14a994\" data-element_type=\"widget\" data-settings=\"{&quot;motion_fx_motion_fx_scrolling&quot;:&quot;yes&quot;,&quot;motion_fx_translateY_effect&quot;:&quot;yes&quot;,&quot;motion_fx_translateY_speed&quot;:{&quot;unit&quot;:&quot;px&quot;,&quot;size&quot;:0.9,&quot;sizes&quot;:[]},&quot;motion_fx_translateY_affectedRange&quot;:{&quot;unit&quot;:&quot;%&quot;,&quot;size&quot;:&quot;&quot;,&quot;sizes&quot;:{&quot;start&quot;:0,&quot;end&quot;:100}},&quot;motion_fx_devices&quot;:[&quot;desktop&quot;,&quot;tablet&quot;,&quot;mobile&quot;]}\" data-widget_type=\"image.default\">\n\t\t\t\t<div class=\"elementor-widget-container\">\n\t\t\t\t\t\t\t\t\t\t\t\t\t\t\t<img decoding=\"async\" loading=\"lazy\" width=\"1200\" height=\"675\" src=\"https:\/\/www.fabienneconrad.com\/wp-content\/uploads\/2021\/04\/vignette4-1280x720.jpg\" class=\"attachment-large size-large wp-image-26366\" alt=\"\" srcset=\"https:\/\/www.fabienneconrad.com\/wp-content\/uploads\/2021\/04\/vignette4-1280x720.jpg 1280w, https:\/\/www.fabienneconrad.com\/wp-content\/uploads\/2021\/04\/vignette4-800x450.jpg 800w, https:\/\/www.fabienneconrad.com\/wp-content\/uploads\/2021\/04\/vignette4-768x432.jpg 768w, https:\/\/www.fabienneconrad.com\/wp-content\/uploads\/2021\/04\/vignette4.jpg 1920w\" sizes=\"(max-width: 1200px) 100vw, 1200px\" \/>\t\t\t\t\t\t\t\t\t\t\t\t\t\t\t<\/div>\n\t\t\t\t<\/div>\n\t\t\t\t\t<\/div>\n\t\t<\/div>\n\t\t\t\t\t\t\t<\/div>\n\t\t<\/section>\n\t\t\t\t<section class=\"elementor-section elementor-inner-section elementor-element elementor-element-29c9cdf elementor-section-boxed elementor-section-height-default elementor-section-height-default\" data-id=\"29c9cdf\" data-element_type=\"section\" data-settings=\"{&quot;background_background&quot;:&quot;classic&quot;}\">\n\t\t\t\t\t\t<div class=\"elementor-container elementor-column-gap-default\">\n\t\t\t\t\t<div class=\"elementor-column elementor-col-100 elementor-inner-column elementor-element elementor-element-b289084\" data-id=\"b289084\" data-element_type=\"column\">\n\t\t\t<div class=\"elementor-widget-wrap elementor-element-populated\">\n\t\t\t\t\t\t\t\t<div class=\"elementor-element elementor-element-cb1f3ef elementor-widget elementor-widget-video\" data-id=\"cb1f3ef\" data-element_type=\"widget\" data-settings=\"{&quot;youtube_url&quot;:&quot;https:\\\/\\\/www.youtube.com\\\/watch?v=bKEkkC-GAqc&amp;t=4s&quot;,&quot;video_type&quot;:&quot;youtube&quot;,&quot;controls&quot;:&quot;yes&quot;}\" data-widget_type=\"video.default\">\n\t\t\t\t<div class=\"elementor-widget-container\">\n\t\t\t\t\t<div class=\"elementor-wrapper elementor-open-inline\">\n\t\t\t<div class=\"elementor-video\"><\/div>\t\t<\/div>\n\t\t\t\t<\/div>\n\t\t\t\t<\/div>\n\t\t\t\t\t<\/div>\n\t\t<\/div>\n\t\t\t\t\t\t\t<\/div>\n\t\t<\/section>\n\t\t\t\t<section class=\"elementor-section elementor-inner-section elementor-element elementor-element-fe54a1a elementor-section-boxed elementor-section-height-default elementor-section-height-default\" data-id=\"fe54a1a\" data-element_type=\"section\">\n\t\t\t\t\t\t<div class=\"elementor-container elementor-column-gap-default\">\n\t\t\t\t\t<div class=\"elementor-column elementor-col-50 elementor-inner-column elementor-element elementor-element-6bf44a2\" data-id=\"6bf44a2\" data-element_type=\"column\">\n\t\t\t<div class=\"elementor-widget-wrap elementor-element-populated\">\n\t\t\t\t\t\t\t\t<div class=\"elementor-element elementor-element-ebd8c4a elementor-widget elementor-widget-video\" data-id=\"ebd8c4a\" data-element_type=\"widget\" data-settings=\"{&quot;youtube_url&quot;:&quot;https:\\\/\\\/www.youtube.com\\\/watch?v=VYF0iNehQDw&quot;,&quot;video_type&quot;:&quot;youtube&quot;,&quot;controls&quot;:&quot;yes&quot;}\" data-widget_type=\"video.default\">\n\t\t\t\t<div class=\"elementor-widget-container\">\n\t\t\t\t\t<div class=\"elementor-wrapper elementor-open-inline\">\n\t\t\t<div class=\"elementor-video\"><\/div>\t\t<\/div>\n\t\t\t\t<\/div>\n\t\t\t\t<\/div>\n\t\t\t\t\t<\/div>\n\t\t<\/div>\n\t\t\t\t<div class=\"elementor-column elementor-col-50 elementor-inner-column elementor-element elementor-element-fc7a42f\" data-id=\"fc7a42f\" data-element_type=\"column\">\n\t\t\t<div class=\"elementor-widget-wrap elementor-element-populated\">\n\t\t\t\t\t\t\t\t<div class=\"elementor-element elementor-element-99996ec elementor-widget elementor-widget-video\" data-id=\"99996ec\" data-element_type=\"widget\" data-settings=\"{&quot;youtube_url&quot;:&quot;https:\\\/\\\/www.youtube.com\\\/watch?v=C8Ekk73CE9U&quot;,&quot;video_type&quot;:&quot;youtube&quot;,&quot;controls&quot;:&quot;yes&quot;}\" data-widget_type=\"video.default\">\n\t\t\t\t<div class=\"elementor-widget-container\">\n\t\t\t\t\t<div class=\"elementor-wrapper elementor-open-inline\">\n\t\t\t<div class=\"elementor-video\"><\/div>\t\t<\/div>\n\t\t\t\t<\/div>\n\t\t\t\t<\/div>\n\t\t\t\t\t<\/div>\n\t\t<\/div>\n\t\t\t\t\t\t\t<\/div>\n\t\t<\/section>\n\t\t\t\t<section class=\"elementor-section elementor-inner-section elementor-element elementor-element-fb560a4 elementor-section-boxed elementor-section-height-default elementor-section-height-default\" data-id=\"fb560a4\" data-element_type=\"section\">\n\t\t\t\t\t\t<div class=\"elementor-container elementor-column-gap-default\">\n\t\t\t\t\t<div class=\"elementor-column elementor-col-50 elementor-inner-column elementor-element elementor-element-b2e2a4c\" data-id=\"b2e2a4c\" data-element_type=\"column\">\n\t\t\t<div class=\"elementor-widget-wrap elementor-element-populated\">\n\t\t\t\t\t\t\t\t<div class=\"elementor-element elementor-element-1f01ebf elementor-widget elementor-widget-video\" data-id=\"1f01ebf\" data-element_type=\"widget\" data-settings=\"{&quot;youtube_url&quot;:&quot;https:\\\/\\\/www.youtube.com\\\/watch?v=t_Eqzt3wNgY&quot;,&quot;video_type&quot;:&quot;youtube&quot;,&quot;controls&quot;:&quot;yes&quot;}\" data-widget_type=\"video.default\">\n\t\t\t\t<div class=\"elementor-widget-container\">\n\t\t\t\t\t<div class=\"elementor-wrapper elementor-open-inline\">\n\t\t\t<div class=\"elementor-video\"><\/div>\t\t<\/div>\n\t\t\t\t<\/div>\n\t\t\t\t<\/div>\n\t\t\t\t\t<\/div>\n\t\t<\/div>\n\t\t\t\t<div class=\"elementor-column elementor-col-50 elementor-inner-column elementor-element elementor-element-7de7c7b\" data-id=\"7de7c7b\" data-element_type=\"column\">\n\t\t\t<div class=\"elementor-widget-wrap elementor-element-populated\">\n\t\t\t\t\t\t\t\t<div class=\"elementor-element elementor-element-5fcfa93 elementor-widget elementor-widget-video\" data-id=\"5fcfa93\" data-element_type=\"widget\" data-settings=\"{&quot;youtube_url&quot;:&quot;https:\\\/\\\/www.youtube.com\\\/watch?v=2lTBxF-26Mg&amp;t=51s&quot;,&quot;video_type&quot;:&quot;youtube&quot;,&quot;controls&quot;:&quot;yes&quot;}\" data-widget_type=\"video.default\">\n\t\t\t\t<div class=\"elementor-widget-container\">\n\t\t\t\t\t<div class=\"elementor-wrapper elementor-open-inline\">\n\t\t\t<div class=\"elementor-video\"><\/div>\t\t<\/div>\n\t\t\t\t<\/div>\n\t\t\t\t<\/div>\n\t\t\t\t\t<\/div>\n\t\t<\/div>\n\t\t\t\t\t\t\t<\/div>\n\t\t<\/section>\n\t\t\t\t<div class=\"elementor-element elementor-element-79b0dab elementor-widget elementor-widget-video\" data-id=\"79b0dab\" data-element_type=\"widget\" data-settings=\"{&quot;youtube_url&quot;:&quot;https:\\\/\\\/www.youtube.com\\\/watch?v=fv_rIUEDsRo&amp;t=9s&quot;,&quot;video_type&quot;:&quot;youtube&quot;,&quot;controls&quot;:&quot;yes&quot;}\" data-widget_type=\"video.default\">\n\t\t\t\t<div class=\"elementor-widget-container\">\n\t\t\t\t\t<div class=\"elementor-wrapper elementor-open-inline\">\n\t\t\t<div class=\"elementor-video\"><\/div>\t\t<\/div>\n\t\t\t\t<\/div>\n\t\t\t\t<\/div>\n\t\t\t\t<div class=\"elementor-element elementor-element-df25624 elementor-widget elementor-widget-heading\" data-id=\"df25624\" data-element_type=\"widget\" data-widget_type=\"heading.default\">\n\t\t\t\t<div class=\"elementor-widget-container\">\n\t\t\t<h2 class=\"elementor-heading-title elementor-size-default\">Podcasts here very soon #staytuned<\/h2>\t\t<\/div>\n\t\t\t\t<\/div>\n\t\t\t\t<div class=\"elementor-element elementor-element-25890c5 elementor-widget elementor-widget-ep-audioigniter\" data-id=\"25890c5\" data-element_type=\"widget\" data-widget_type=\"ep-audioigniter.default\">\n\t\t\t\t<div class=\"elementor-widget-container\">\n\t\t\t\t\t\t<div\n\t\t\t\tid=\"ep-ai-25890c5\"\n\t\t\t\tclass=\"ep-audioigniter\"\n\t\t\t>\n\t\t\t\t<div id=\"audioigniter-18542\" class=\"audioigniter-root\" data-player-type=\"full\" data-tracks-url=\"https:\/\/www.fabienneconrad.com\/en\/?audioigniter_playlist_id=18542\" data-display-track-no=\"true\" data-reverse-track-order=\"false\" data-display-tracklist-covers=\"true\" data-display-active-cover=\"true\" data-display-artist-names=\"true\" data-display-buy-buttons=\"true\" data-buy-buttons-target=\"true\" data-cycle-tracks=\"false\" data-display-credits=\"false\" data-display-tracklist=\"true\" data-allow-tracklist-toggle=\"true\" data-allow-tracklist-loop=\"true\" data-limit-tracklist-height=\"true\" data-volume=\"100\" data-tracklist-height=\"185\" ><\/div>\t\t\t<\/div>\n\n\t\t\t<script>\n\t\t\t\tjQuery(document).ready(function () {\n\t\t\t\t\tjQuery(document).trigger('elementor\/render\/ep_audioigniter', '#ep-ai-25890c5');\n\t\t\t\t});\n\t\t\t<\/script>\n\t\t\t\t\t<\/div>\n\t\t\t\t<\/div>\n\t\t\t\t\t<\/div>\n\t\t<\/div>\n\t\t\t\t\t\t\t<\/div>\n\t\t<\/section>\n\t\t\t\t\t\t\t<\/div>","protected":false},"excerpt":{"rendered":"<p>Mes kiffs Mes kiffs de Soprano Vivez le meilleur de l&rsquo;op\u00e9ra en acc\u00e9l\u00e9r\u00e9. D\u00e9couvrir l&rsquo;histoire d&rsquo;un op\u00e9ra en musique depuis la sc\u00e8ne, dans la peau d\u2019une soprano, c&rsquo;est&nbsp;cela #meskiffsdesoprano ! Je vous raconte mon moment pr\u00e9f\u00e9r\u00e9 de chaque op\u00e9ra, le moment o\u00f9 je sens que le public est suspendu \u00e0 mes l\u00e8vres, les instants magiques&nbsp; [&hellip;]<\/p>","protected":false},"author":12,"featured_media":0,"parent":0,"menu_order":0,"comment_status":"closed","ping_status":"closed","template":"","meta":{"_seopress_robots_primary_cat":"","footnotes":""},"yoast_head":"<!-- This site is optimized with the Yoast SEO plugin v21.3 - https:\/\/yoast.com\/wordpress\/plugins\/seo\/ -->\n<title>Mes kiffs bis - Fabienne Conrad, Soprano<\/title>\n<meta name=\"robots\" content=\"index, follow, max-snippet:-1, max-image-preview:large, max-video-preview:-1\" \/>\n<link rel=\"canonical\" href=\"https:\/\/www.fabienneconrad.com\/en\/mes-kiffs-bis\/\" \/>\n<meta property=\"og:locale\" content=\"en_US\" \/>\n<meta property=\"og:type\" content=\"article\" \/>\n<meta property=\"og:title\" content=\"Mes kiffs bis - Fabienne Conrad, Soprano\" \/>\n<meta property=\"og:description\" content=\"Mes kiffs Mes kiffs de Soprano Vivez le meilleur de l&rsquo;op\u00e9ra en acc\u00e9l\u00e9r\u00e9. D\u00e9couvrir l&rsquo;histoire d&rsquo;un op\u00e9ra en musique depuis la sc\u00e8ne, dans la peau d\u2019une soprano, c&rsquo;est&nbsp;cela #meskiffsdesoprano ! Je vous raconte mon moment pr\u00e9f\u00e9r\u00e9 de chaque op\u00e9ra, le moment o\u00f9 je sens que le public est suspendu \u00e0 mes l\u00e8vres, les instants magiques&nbsp; [&hellip;]\" \/>\n<meta property=\"og:url\" content=\"https:\/\/www.fabienneconrad.com\/en\/mes-kiffs-bis\/\" \/>\n<meta property=\"og:site_name\" content=\"Fabienne Conrad, Soprano\" \/>\n<meta property=\"article:modified_time\" content=\"2023-10-04T16:33:07+00:00\" \/>\n<meta property=\"og:image\" content=\"https:\/\/www.fabienneconrad.com\/wp-content\/uploads\/2023\/09\/447469f6-27f5-46de-8c75-32fdf5e77c95-751x800.jpg\" \/>\n<meta name=\"twitter:card\" content=\"summary_large_image\" \/>\n<meta name=\"twitter:label1\" content=\"Est. reading time\" \/>\n\t<meta name=\"twitter:data1\" content=\"2 minutes\" \/>\n<script type=\"application\/ld+json\" class=\"yoast-schema-graph\">{\"@context\":\"https:\/\/schema.org\",\"@graph\":[{\"@type\":\"WebPage\",\"@id\":\"https:\/\/www.fabienneconrad.com\/mes-kiffs-bis\/\",\"url\":\"https:\/\/www.fabienneconrad.com\/mes-kiffs-bis\/\",\"name\":\"Mes kiffs bis - Fabienne Conrad, Soprano\",\"isPartOf\":{\"@id\":\"https:\/\/www.fabienneconrad.com\/#website\"},\"datePublished\":\"2023-09-19T16:13:09+00:00\",\"dateModified\":\"2023-10-04T16:33:07+00:00\",\"breadcrumb\":{\"@id\":\"https:\/\/www.fabienneconrad.com\/mes-kiffs-bis\/#breadcrumb\"},\"inLanguage\":\"en-US\",\"potentialAction\":[{\"@type\":\"ReadAction\",\"target\":[\"https:\/\/www.fabienneconrad.com\/mes-kiffs-bis\/\"]}]},{\"@type\":\"BreadcrumbList\",\"@id\":\"https:\/\/www.fabienneconrad.com\/mes-kiffs-bis\/#breadcrumb\",\"itemListElement\":[{\"@type\":\"ListItem\",\"position\":1,\"name\":\"Accueil\",\"item\":\"https:\/\/www.fabienneconrad.com\/\"},{\"@type\":\"ListItem\",\"position\":2,\"name\":\"Mes kiffs bis\"}]},{\"@type\":\"WebSite\",\"@id\":\"https:\/\/www.fabienneconrad.com\/#website\",\"url\":\"https:\/\/www.fabienneconrad.com\/\",\"name\":\"Fabienne Conrad, Soprano\",\"description\":\"Soprano\",\"publisher\":{\"@id\":\"https:\/\/www.fabienneconrad.com\/#organization\"},\"potentialAction\":[{\"@type\":\"SearchAction\",\"target\":{\"@type\":\"EntryPoint\",\"urlTemplate\":\"https:\/\/www.fabienneconrad.com\/?s={search_term_string}\"},\"query-input\":\"required name=search_term_string\"}],\"inLanguage\":\"en-US\"},{\"@type\":\"Organization\",\"@id\":\"https:\/\/www.fabienneconrad.com\/#organization\",\"name\":\"Fabienne Conrad, Soprano\",\"url\":\"https:\/\/www.fabienneconrad.com\/\",\"logo\":{\"@type\":\"ImageObject\",\"inLanguage\":\"en-US\",\"@id\":\"https:\/\/www.fabienneconrad.com\/#\/schema\/logo\/image\/\",\"url\":\"https:\/\/www.fabienneconrad.com\/wp-content\/uploads\/2018\/11\/logofc.png\",\"contentUrl\":\"https:\/\/www.fabienneconrad.com\/wp-content\/uploads\/2018\/11\/logofc.png\",\"width\":2180,\"height\":622,\"caption\":\"Fabienne Conrad, Soprano\"},\"image\":{\"@id\":\"https:\/\/www.fabienneconrad.com\/#\/schema\/logo\/image\/\"}}]}<\/script>\n<!-- \/ Yoast SEO plugin. -->","yoast_head_json":{"title":"Mes kiffs bis - Fabienne Conrad, Soprano","robots":{"index":"index","follow":"follow","max-snippet":"max-snippet:-1","max-image-preview":"max-image-preview:large","max-video-preview":"max-video-preview:-1"},"canonical":"https:\/\/www.fabienneconrad.com\/en\/mes-kiffs-bis\/","og_locale":"en_US","og_type":"article","og_title":"Mes kiffs bis - Fabienne Conrad, Soprano","og_description":"Mes kiffs Mes kiffs de Soprano Vivez le meilleur de l&rsquo;op\u00e9ra en acc\u00e9l\u00e9r\u00e9. D\u00e9couvrir l&rsquo;histoire d&rsquo;un op\u00e9ra en musique depuis la sc\u00e8ne, dans la peau d\u2019une soprano, c&rsquo;est&nbsp;cela #meskiffsdesoprano ! Je vous raconte mon moment pr\u00e9f\u00e9r\u00e9 de chaque op\u00e9ra, le moment o\u00f9 je sens que le public est suspendu \u00e0 mes l\u00e8vres, les instants magiques&nbsp; [&hellip;]","og_url":"https:\/\/www.fabienneconrad.com\/en\/mes-kiffs-bis\/","og_site_name":"Fabienne Conrad, Soprano","article_modified_time":"2023-10-04T16:33:07+00:00","og_image":[{"url":"https:\/\/www.fabienneconrad.com\/wp-content\/uploads\/2023\/09\/447469f6-27f5-46de-8c75-32fdf5e77c95-751x800.jpg"}],"twitter_card":"summary_large_image","twitter_misc":{"Est. reading time":"2 minutes"},"schema":{"@context":"https:\/\/schema.org","@graph":[{"@type":"WebPage","@id":"https:\/\/www.fabienneconrad.com\/mes-kiffs-bis\/","url":"https:\/\/www.fabienneconrad.com\/mes-kiffs-bis\/","name":"Mes kiffs bis - Fabienne Conrad, Soprano","isPartOf":{"@id":"https:\/\/www.fabienneconrad.com\/#website"},"datePublished":"2023-09-19T16:13:09+00:00","dateModified":"2023-10-04T16:33:07+00:00","breadcrumb":{"@id":"https:\/\/www.fabienneconrad.com\/mes-kiffs-bis\/#breadcrumb"},"inLanguage":"en-US","potentialAction":[{"@type":"ReadAction","target":["https:\/\/www.fabienneconrad.com\/mes-kiffs-bis\/"]}]},{"@type":"BreadcrumbList","@id":"https:\/\/www.fabienneconrad.com\/mes-kiffs-bis\/#breadcrumb","itemListElement":[{"@type":"ListItem","position":1,"name":"Accueil","item":"https:\/\/www.fabienneconrad.com\/"},{"@type":"ListItem","position":2,"name":"Mes kiffs bis"}]},{"@type":"WebSite","@id":"https:\/\/www.fabienneconrad.com\/#website","url":"https:\/\/www.fabienneconrad.com\/","name":"Fabienne Conrad, Soprano","description":"Soprano","publisher":{"@id":"https:\/\/www.fabienneconrad.com\/#organization"},"potentialAction":[{"@type":"SearchAction","target":{"@type":"EntryPoint","urlTemplate":"https:\/\/www.fabienneconrad.com\/?s={search_term_string}"},"query-input":"required name=search_term_string"}],"inLanguage":"en-US"},{"@type":"Organization","@id":"https:\/\/www.fabienneconrad.com\/#organization","name":"Fabienne Conrad, Soprano","url":"https:\/\/www.fabienneconrad.com\/","logo":{"@type":"ImageObject","inLanguage":"en-US","@id":"https:\/\/www.fabienneconrad.com\/#\/schema\/logo\/image\/","url":"https:\/\/www.fabienneconrad.com\/wp-content\/uploads\/2018\/11\/logofc.png","contentUrl":"https:\/\/www.fabienneconrad.com\/wp-content\/uploads\/2018\/11\/logofc.png","width":2180,"height":622,"caption":"Fabienne Conrad, Soprano"},"image":{"@id":"https:\/\/www.fabienneconrad.com\/#\/schema\/logo\/image\/"}}]}},"_links":{"self":[{"href":"https:\/\/www.fabienneconrad.com\/en\/wp-json\/wp\/v2\/pages\/151026"}],"collection":[{"href":"https:\/\/www.fabienneconrad.com\/en\/wp-json\/wp\/v2\/pages"}],"about":[{"href":"https:\/\/www.fabienneconrad.com\/en\/wp-json\/wp\/v2\/types\/page"}],"author":[{"embeddable":true,"href":"https:\/\/www.fabienneconrad.com\/en\/wp-json\/wp\/v2\/users\/12"}],"replies":[{"embeddable":true,"href":"https:\/\/www.fabienneconrad.com\/en\/wp-json\/wp\/v2\/comments?post=151026"}],"version-history":[{"count":41,"href":"https:\/\/www.fabienneconrad.com\/en\/wp-json\/wp\/v2\/pages\/151026\/revisions"}],"predecessor-version":[{"id":151461,"href":"https:\/\/www.fabienneconrad.com\/en\/wp-json\/wp\/v2\/pages\/151026\/revisions\/151461"}],"wp:attachment":[{"href":"https:\/\/www.fabienneconrad.com\/en\/wp-json\/wp\/v2\/media?parent=151026"}],"curies":[{"name":"wp","href":"https:\/\/api.w.org\/{rel}","templated":true}]}}